{"id":16718,"date":"2026-04-20T11:32:18","date_gmt":"2026-04-20T08:32:18","guid":{"rendered":"https:\/\/possify.com.tr\/?post_type=product&#038;p=16718"},"modified":"2026-04-28T12:13:33","modified_gmt":"2026-04-28T09:13:33","slug":"310k","status":"publish","type":"product","link":"https:\/\/possify.com.tr\/en\/product\/310k\/","title":{"rendered":"310K"},"content":{"rendered":"<p data-start=\"116\" data-end=\"674\">310K kiosk termal yaz\u0131c\u0131, y\u00fcksek h\u0131z ve dayan\u0131kl\u0131l\u0131\u011f\u0131 bir araya getiren, yo\u011fun kullan\u0131m gerektiren kiosk sistemleri i\u00e7in \u00f6zel olarak geli\u015ftirilmi\u015f profesyonel bir bask\u0131 \u00e7\u00f6z\u00fcm\u00fcd\u00fcr. 80 mm ka\u011f\u0131t geni\u015fli\u011fi deste\u011fi ile geni\u015f ve okunabilir fi\u015f, makbuz ve bilet \u00e7\u0131kt\u0131lar\u0131 sunarak hem kullan\u0131c\u0131 deneyimini iyile\u015ftirir hem de i\u015fletmelerin kurumsal g\u00f6r\u00fcn\u00fcm\u00fcn\u00fc g\u00fc\u00e7lendirir. Self servis kiosklar, ATM cihazlar\u0131, \u00f6deme terminalleri, otopark sistemleri ve biletleme makineleri gibi s\u00fcrekli ve h\u0131zl\u0131 i\u015flem gerektiren alanlar i\u00e7in ideal bir tercihtir.<\/p>\n<p data-start=\"676\" data-end=\"1261\">Geli\u015fmi\u015f termal bask\u0131 teknolojisi sayesinde m\u00fcrekkep, toner veya kartu\u015f ihtiyac\u0131n\u0131 tamamen ortadan kald\u0131r\u0131r. Bu durum i\u015fletmeler i\u00e7in ciddi bir maliyet avantaj\u0131 sa\u011flarken ayn\u0131 zamanda bak\u0131m s\u00fcre\u00e7lerini de minimum seviyeye indirir. 310K modeli, 300 mm\/sn\u2019ye ula\u015fan ultra y\u00fcksek bask\u0131 h\u0131z\u0131 ile s\u0131n\u0131f\u0131n\u0131n \u00f6ne \u00e7\u0131kan \u00fcr\u00fcnlerinden biridir. Bu y\u00fcksek h\u0131z sayesinde yo\u011fun i\u015flem trafi\u011fine sahip ortamlarda bile kesintisiz ve h\u0131zl\u0131 \u00e7\u0131kt\u0131 al\u0131nmas\u0131n\u0131 sa\u011flar. M\u00fc\u015fteri bekleme s\u00fcrelerini azalt\u0131r, i\u015flem verimlili\u011fini art\u0131r\u0131r ve \u00f6zellikle h\u0131zl\u0131 servis gerektiren sekt\u00f6rlerde \u00f6nemli bir avantaj sunar.<\/p>\n<p data-start=\"1263\" data-end=\"1743\">Cihaz\u0131n entegre otomatik kesici mekanizmas\u0131, her bask\u0131 sonras\u0131 ka\u011f\u0131d\u0131 d\u00fczg\u00fcn ve h\u0131zl\u0131 bir \u015fekilde keserek kullan\u0131c\u0131 m\u00fcdahalesini ortadan kald\u0131r\u0131r. Y\u00fcksek dayan\u0131kl\u0131l\u0131\u011fa sahip kesici sistemi, uzun s\u00fcreli kullan\u0131mlarda bile performans kayb\u0131 ya\u015famadan \u00e7al\u0131\u015f\u0131r. Ayr\u0131ca tam ve yar\u0131m kesim se\u00e7enekleri sayesinde farkl\u0131 kullan\u0131m senaryolar\u0131na uyum sa\u011flar. Ka\u011f\u0131t s\u0131k\u0131\u015fmas\u0131n\u0131 \u00f6nleyici ak\u0131ll\u0131 sens\u00f6r sistemi ile donat\u0131lm\u0131\u015f olan 310K, olas\u0131 ar\u0131zalar\u0131n \u00f6n\u00fcne ge\u00e7erek kesintisiz \u00e7al\u0131\u015fma sa\u011flar.<\/p>\n<p data-start=\"1745\" data-end=\"2196\">310K kiosk termal yaz\u0131c\u0131, USB, RS232 ve opsiyonel olarak di\u011fer ba\u011flant\u0131 se\u00e7enekleri ile geni\u015f bir entegrasyon esnekli\u011fi sunar. Farkl\u0131 sistem altyap\u0131lar\u0131 ile uyumlu \u00e7al\u0131\u015farak mevcut sistemlere kolayca adapte edilir. Windows ve Linux i\u015fletim sistemleri ile uyumlu olmas\u0131, yaz\u0131l\u0131m geli\u015ftiriciler ve sistem entegrat\u00f6rleri i\u00e7in b\u00fcy\u00fck kolayl\u0131k sa\u011flar. Bu sayede hem yeni projelerde hem de mevcut sistem g\u00fcncellemelerinde sorunsuz bir \u015fekilde kullan\u0131labilir.<\/p>\n<p data-start=\"2198\" data-end=\"2696\">Kompakt ve mod\u00fcler tasar\u0131m\u0131 sayesinde kiosk sistemlerinin i\u00e7ine kolayca monte edilebilir. Ayarlanabilir rulo braket yap\u0131s\u0131 sayesinde farkl\u0131 ka\u011f\u0131t geni\u015fliklerine uyum sa\u011flayarak kullan\u0131m esnekli\u011fi sunar. Sa\u011flam d\u0131\u015f g\u00f6vde yap\u0131s\u0131, titre\u015fim, toz ve yo\u011fun kullan\u0131m gibi zorlu \u00e7al\u0131\u015fma ko\u015fullar\u0131na kar\u015f\u0131 y\u00fcksek dayan\u0131kl\u0131l\u0131k g\u00f6sterir. End\u00fcstriyel kullan\u0131m i\u00e7in uygun olan bu yap\u0131, uzun \u00f6m\u00fcrl\u00fc performans sa\u011flar. Ayr\u0131ca LED g\u00f6sterge ve sens\u00f6r destekli yap\u0131s\u0131 sayesinde cihaz durumu kolayca takip edilebilir.<\/p>\n<p data-start=\"2698\" data-end=\"3103\">Enerji verimlili\u011fi y\u00fcksek olan 310K kiosk termal yaz\u0131c\u0131, d\u00fc\u015f\u00fck g\u00fc\u00e7 t\u00fcketimi ile i\u015fletmelere uzun vadeli tasarruf sa\u011flar. Geni\u015f ka\u011f\u0131t rulo kapasitesi sayesinde daha az ka\u011f\u0131t de\u011fi\u015fimi gerektirir ve bu da operasyonel s\u00fcreklili\u011fi art\u0131r\u0131r. Ka\u011f\u0131t biti\u015fi, kapak a\u00e7\u0131kl\u0131\u011f\u0131 ve hata durumlar\u0131 gibi bilgileri alg\u0131layabilen ak\u0131ll\u0131 sens\u00f6r sistemi, kullan\u0131c\u0131ya anl\u0131k bildirim sa\u011flayarak kesintisiz kullan\u0131m imkan\u0131 sunar.<\/p>\n<p data-start=\"3105\" data-end=\"3484\">310K kiosk termal yaz\u0131c\u0131; perakende, bankac\u0131l\u0131k, sa\u011fl\u0131k, ula\u015f\u0131m ve end\u00fcstriyel otomasyon gibi bir\u00e7ok sekt\u00f6rde geni\u015f kullan\u0131m alan\u0131na sahiptir. Otopark otomasyon sistemleri, biletleme \u00e7\u00f6z\u00fcmleri, s\u0131ra y\u00f6netim sistemleri ve self servis \u00f6deme noktalar\u0131nda y\u00fcksek performans sunar. G\u00fc\u00e7l\u00fc bask\u0131 kapasitesi ve h\u0131zl\u0131 i\u015flem yetene\u011fi ile i\u015fletmelerin operasyonel s\u00fcre\u00e7lerini optimize eder.<\/p>\n<p data-start=\"3486\" data-end=\"3870\">Sessiz \u00e7al\u0131\u015fma \u00f6zelli\u011fi sayesinde \u00f6zellikle kapal\u0131 alanlarda kullan\u0131c\u0131 konforunu art\u0131r\u0131r. Dayan\u0131kl\u0131 mekanik yap\u0131s\u0131 ve uzun \u00f6m\u00fcrl\u00fc bile\u015fenleri sayesinde bak\u0131m ihtiyac\u0131 minimum seviyededir. Bu da toplam sahip olma maliyetini d\u00fc\u015f\u00fcrerek i\u015fletmelere ekonomik avantaj sa\u011flar. Ayn\u0131 zamanda y\u00fcksek \u00e7\u00f6z\u00fcn\u00fcrl\u00fckl\u00fc bask\u0131 kalitesi sayesinde barkod ve metinlerin net bir \u015fekilde bas\u0131lmas\u0131n\u0131 sa\u011flar.<\/p>\n<p data-start=\"3872\" data-end=\"4280\">Sonu\u00e7 olarak 310K kiosk termal yaz\u0131c\u0131, ultra y\u00fcksek h\u0131z, dayan\u0131kl\u0131l\u0131k, geli\u015fmi\u015f sens\u00f6r teknolojisi ve kolay entegrasyon \u00f6zelliklerini bir arada sunan profesyonel bir bask\u0131 \u00e7\u00f6z\u00fcm\u00fcd\u00fcr. Modern kiosk sistemlerinin t\u00fcm ihtiya\u00e7lar\u0131n\u0131 kar\u015f\u0131layan bu model, i\u015fletmelere hem performans hem de maliyet avantaj\u0131 sunar. Uzun \u00f6m\u00fcrl\u00fc ve g\u00fcvenilir yap\u0131s\u0131 ile kiosk termal yaz\u0131c\u0131 kategorisinde \u00f6ne \u00e7\u0131kan g\u00fc\u00e7l\u00fc bir se\u00e7enektir.<\/p>","protected":false},"excerpt":{"rendered":"<p class=\"translation-block\">\u2022 Ultra-high speed: 300 mm\/s<br>\n\u2022 Automatic cutter<br>\n\u2022 Paper jam prevention system<br>\n\u2022 LED frame \u2013 multi-status indicator<br>\n\u2022 Large paper roll support: \u00d8 100 mm<br>\n\u2022 Adjustable roll bracket (adapts to different paper  widths)<\/p>\n<p>&nbsp;<\/p>\n<div style=\"margin: 15px 0; text-align: left;\"><a style=\"display: inline-flex; align-items: center; \/* yaz\u0131y\u0131 dikey ortalar *\/ justify-content: center; \/* yatay ortalar *\/ background-color: #54B948; color: #fff; font-size: 16px; font-weight: 600; padding: 12px 28px; border-radius: 12px; text-decoration: none; box-shadow: 0 4px 10px rgba(0,0,0,0.15); transition: all 0.3s ease; line-height: 1; \/* sat\u0131r y\u00fcksekli\u011fini s\u0131f\u0131rlar *\/ vertical-align: middle;\" href=\"https:\/\/www.possify.info\/ftp\/POSSIFY_GENEL\/BROSURLER_FTP\/YAZICILAR%20\/KIOSK_YAZICI\/310K.pdf\" download=\"\"><br \/>\nDownload Brochure<br \/>\n<\/a><\/div>\n<style>\na[download]:hover {<br \/>  background-color:#44963A !important;<br \/>  transform: translateY(-2px);<br \/>  box-shadow:0 6px 14px rgba(0,0,0,0.2);<br \/>}<br \/><\/style>","protected":false},"featured_media":16725,"template":"","meta":{"_acf_changed":false},"product_brand":[],"product_cat":[345],"product_tag":[],"class_list":{"0":"post-16718","1":"product","2":"type-product","3":"status-publish","4":"has-post-thumbnail","6":"product_cat-kiosk-termal-yazicilar","8":"first","9":"instock","10":"shipping-taxable","11":"product-type-simple"},"acf":[],"_links":{"self":[{"href":"https:\/\/possify.com.tr\/en\/wp-json\/wp\/v2\/product\/16718","targetHints":{"allow":["GET"]}}],"collection":[{"href":"https:\/\/possify.com.tr\/en\/wp-json\/wp\/v2\/product"}],"about":[{"href":"https:\/\/possify.com.tr\/en\/wp-json\/wp\/v2\/types\/product"}],"wp:featuredmedia":[{"embeddable":true,"href":"https:\/\/possify.com.tr\/en\/wp-json\/wp\/v2\/media\/16725"}],"wp:attachment":[{"href":"https:\/\/possify.com.tr\/en\/wp-json\/wp\/v2\/media?parent=16718"}],"wp:term":[{"taxonomy":"product_brand","embeddable":true,"href":"https:\/\/possify.com.tr\/en\/wp-json\/wp\/v2\/product_brand?post=16718"},{"taxonomy":"product_cat","embeddable":true,"href":"https:\/\/possify.com.tr\/en\/wp-json\/wp\/v2\/product_cat?post=16718"},{"taxonomy":"product_tag","embeddable":true,"href":"https:\/\/possify.com.tr\/en\/wp-json\/wp\/v2\/product_tag?post=16718"}],"curies":[{"name":"wp","href":"https:\/\/api.w.org\/{rel}","templated":true}]}}