{"id":16717,"date":"2026-05-11T14:25:06","date_gmt":"2026-05-11T11:25:06","guid":{"rendered":"https:\/\/possify.com.tr\/?post_type=product&#038;p=16717"},"modified":"2026-05-11T14:25:30","modified_gmt":"2026-05-11T11:25:30","slug":"210k","status":"publish","type":"product","link":"https:\/\/possify.com.tr\/en\/product\/210k\/","title":{"rendered":"210K"},"content":{"rendered":"<p data-start=\"107\" data-end=\"715\">210K kiosk termal yaz\u0131c\u0131, yo\u011fun kullan\u0131m gerektiren kiosk sistemleri i\u00e7in \u00f6zel olarak geli\u015ftirilmi\u015f, y\u00fcksek performansl\u0131 ve dayan\u0131kl\u0131 bir bask\u0131 \u00e7\u00f6z\u00fcm\u00fcd\u00fcr. 80 mm ka\u011f\u0131t geni\u015fli\u011fi deste\u011fi sayesinde daha b\u00fcy\u00fck, okunabilir ve profesyonel g\u00f6r\u00fcn\u00fcme sahip fi\u015f, makbuz ve bilet \u00e7\u0131kt\u0131lar\u0131 sunar. Bu \u00f6zellik, hem kullan\u0131c\u0131 deneyimini iyile\u015ftirir hem de i\u015fletmelerin kurumsal imaj\u0131na katk\u0131 sa\u011flar. \u00d6zellikle self servis kiosklar, \u00f6deme terminalleri, ATM cihazlar\u0131, bilet sat\u0131\u015f makineleri, otopark otomasyon sistemleri ve s\u0131ra y\u00f6netim cihazlar\u0131 gibi alanlarda sorunsuz kullan\u0131m i\u00e7in tasarlanm\u0131\u015ft\u0131r.<\/p>\n<p data-start=\"717\" data-end=\"1271\">Geli\u015fmi\u015f termal bask\u0131 teknolojisi sayesinde m\u00fcrekkep, toner veya kartu\u015f gibi sarf malzemelerine ihtiya\u00e7 duymaz. Bu da i\u015fletmeler i\u00e7in \u00f6nemli bir maliyet avantaj\u0131 yarat\u0131rken ayn\u0131 zamanda bak\u0131m s\u00fcre\u00e7lerini olduk\u00e7a kolayla\u015ft\u0131r\u0131r. Termal bask\u0131 teknolojisinin sundu\u011fu net ve keskin bask\u0131 kalitesi, yaz\u0131lar\u0131n ve barkodlar\u0131n uzun s\u00fcre okunabilir olmas\u0131n\u0131 sa\u011flar. Bu sayede \u00f6zellikle biletleme ve makbuz uygulamalar\u0131nda g\u00fcvenilir sonu\u00e7lar elde edilir. Ayr\u0131ca \u00e7evre dostu yap\u0131s\u0131 sayesinde sarf malzeme at\u0131\u011f\u0131n\u0131 azaltarak s\u00fcrd\u00fcr\u00fclebilirlik hedeflerine katk\u0131 sa\u011flar.<\/p>\n<p data-start=\"1273\" data-end=\"1746\">210K kiosk termal yaz\u0131c\u0131, 250 mm\/sn\u2019ye kadar ula\u015fabilen y\u00fcksek bask\u0131 h\u0131z\u0131 ile dikkat \u00e7eker. Bu y\u00fcksek h\u0131z, yo\u011fun m\u00fc\u015fteri trafi\u011fine sahip i\u015fletmelerde i\u015flemlerin h\u0131zl\u0131 bir \u015fekilde tamamlanmas\u0131n\u0131 sa\u011flar. Bekleme s\u00fcrelerini minimuma indirerek m\u00fc\u015fteri memnuniyetini art\u0131r\u0131r ve operasyonel verimlili\u011fi \u00fcst seviyeye ta\u015f\u0131r. H\u0131zl\u0131 bask\u0131 \u00f6zelli\u011fi \u00f6zellikle perakende sat\u0131\u015f noktalar\u0131, toplu ta\u015f\u0131ma biletleme sistemleri ve h\u0131zl\u0131 \u00f6deme terminalleri gibi alanlarda b\u00fcy\u00fck avantaj sa\u011flar.<\/p>\n<p data-start=\"1748\" data-end=\"2197\">Cihaz\u0131n en \u00f6nemli \u00f6zelliklerinden biri olan otomatik kesici mekanizmas\u0131, bask\u0131 i\u015flemi tamamland\u0131ktan sonra ka\u011f\u0131d\u0131 d\u00fczg\u00fcn ve h\u0131zl\u0131 bir \u015fekilde keser. Bu sayede kullan\u0131c\u0131 m\u00fcdahalesine gerek kalmadan i\u015flemler otomatik olarak tamamlan\u0131r. Dayan\u0131kl\u0131 kesici sistemi uzun s\u00fcreli kullan\u0131mlarda bile y\u00fcksek performans sunar ve ar\u0131za riskini minimuma indirir. Ayr\u0131ca hassas kesim \u00f6zelli\u011fi sayesinde ka\u011f\u0131t israf\u0131 azalt\u0131l\u0131r ve daha verimli bir kullan\u0131m sa\u011flan\u0131r.<\/p>\n<p data-start=\"2199\" data-end=\"2651\">210K kiosk termal yaz\u0131c\u0131, USB ve RS232 ba\u011flant\u0131 se\u00e7enekleri ile geni\u015f bir uyumluluk sunar. Farkl\u0131 sistem altyap\u0131lar\u0131 ile kolayca entegre edilebilir ve mevcut yaz\u0131l\u0131m sistemleri ile sorunsuz bir \u015fekilde \u00e7al\u0131\u015f\u0131r. Windows ve Linux i\u015fletim sistemleri ile uyumlu olmas\u0131, geli\u015ftiriciler ve sistem entegrat\u00f6rleri i\u00e7in b\u00fcy\u00fck bir esneklik sa\u011flar. Bu sayede yeni kurulan sistemlerde oldu\u011fu kadar mevcut sistemlerin modernizasyonunda da rahatl\u0131kla kullan\u0131labilir.<\/p>\n<p data-start=\"2653\" data-end=\"3164\">Kompakt ve mod\u00fcler tasar\u0131m\u0131 sayesinde kiosk sistemlerinin i\u00e7ine kolayca entegre edilebilir. Dar alanlarda bile rahatl\u0131kla kullan\u0131labilen bu yap\u0131, montaj s\u00fcrecini h\u0131zland\u0131r\u0131r ve alan tasarrufu sa\u011flar. Sa\u011flam d\u0131\u015f g\u00f6vde yap\u0131s\u0131, yo\u011fun kullan\u0131m ko\u015fullar\u0131na kar\u015f\u0131 dayan\u0131kl\u0131l\u0131k g\u00f6sterir. Titre\u015fim, toz ve uzun s\u00fcreli \u00e7al\u0131\u015fma gibi zorlu \u015fartlara kar\u015f\u0131 diren\u00e7li olan bu model, end\u00fcstriyel kullan\u0131m i\u00e7in ideal bir tercihtir. Ayr\u0131ca sessiz \u00e7al\u0131\u015fma \u00f6zelli\u011fi sayesinde \u00f6zellikle kapal\u0131 alanlarda kullan\u0131c\u0131 konforunu art\u0131r\u0131r.<\/p>\n<p data-start=\"3166\" data-end=\"3605\">Enerji verimlili\u011fi a\u00e7\u0131s\u0131ndan da olduk\u00e7a ba\u015far\u0131l\u0131 olan 210K kiosk termal yaz\u0131c\u0131, d\u00fc\u015f\u00fck g\u00fc\u00e7 t\u00fcketimi ile i\u015fletmelere uzun vadede tasarruf sa\u011flar. S\u00fcrekli \u00e7al\u0131\u015fmas\u0131 gereken sistemlerde enerji maliyetlerinin d\u00fc\u015f\u00fcr\u00fclmesi b\u00fcy\u00fck \u00f6nem ta\u015f\u0131r ve bu cihaz bu ihtiyac\u0131 kar\u015f\u0131layacak \u015fekilde tasarlanm\u0131\u015ft\u0131r. Geni\u015f ka\u011f\u0131t kapasitesi sayesinde daha az s\u0131kl\u0131kla ka\u011f\u0131t de\u011fi\u015fimi gerektirir, bu da operasyonel s\u00fcreklili\u011fi art\u0131r\u0131r ve i\u015f g\u00fcc\u00fc ihtiyac\u0131n\u0131 azalt\u0131r.<\/p>\n<p data-start=\"3607\" data-end=\"4108\">210K kiosk termal yaz\u0131c\u0131, \u00e7ok geni\u015f bir kullan\u0131m alan\u0131na sahiptir. Perakende ma\u011fazalar, bankalar, hastaneler, ula\u015f\u0131m sistemleri ve kamu hizmet noktalar\u0131nda aktif olarak kullan\u0131labilir. Otopark otomasyon sistemlerinde giri\u015f-\u00e7\u0131k\u0131\u015f biletlerinin bas\u0131lmas\u0131nda, toplu ta\u015f\u0131ma sistemlerinde yolcu biletlerinin olu\u015fturulmas\u0131nda ve self servis kiosklarda \u00f6deme sonras\u0131 makbuz verilmesinde g\u00fcvenilir bir \u00e7\u00f6z\u00fcm sunar. Ayn\u0131 zamanda end\u00fcstriyel otomasyon projelerinde veri \u00e7\u0131kt\u0131s\u0131 almak i\u00e7in de tercih edilmektedir.<\/p>\n<p data-start=\"4110\" data-end=\"4558\">Cihaz\u0131n sundu\u011fu y\u00fcksek performans ve dayan\u0131kl\u0131l\u0131k, uzun vadeli kullan\u0131mda i\u015fletmelere \u00f6nemli avantajlar sa\u011flar. D\u00fc\u015f\u00fck ar\u0131za oran\u0131, minimum bak\u0131m ihtiyac\u0131 ve uzun \u00f6m\u00fcrl\u00fc bile\u015fenleri sayesinde toplam sahip olma maliyetini d\u00fc\u015f\u00fcr\u00fcr. Bu da \u00f6zellikle b\u00fcy\u00fck \u00f6l\u00e7ekli i\u015fletmeler i\u00e7in \u00f6nemli bir yat\u0131r\u0131m avantaj\u0131 anlam\u0131na gelir. Ayr\u0131ca h\u0131zl\u0131 servis ve kolay entegrasyon \u00f6zellikleri sayesinde kurulum s\u00fcresi k\u0131sal\u0131r ve sistemler daha h\u0131zl\u0131 devreye al\u0131nabilir.<\/p>\n<p data-start=\"4560\" data-end=\"5067\">Sonu\u00e7 olarak 210K kiosk termal yaz\u0131c\u0131, y\u00fcksek h\u0131z, dayan\u0131kl\u0131l\u0131k, d\u00fc\u015f\u00fck i\u015fletme maliyeti ve kolay entegrasyon \u00f6zelliklerini bir arada sunan profesyonel bir bask\u0131 \u00e7\u00f6z\u00fcm\u00fcd\u00fcr. Modern kiosk sistemlerinin ihtiya\u00e7lar\u0131n\u0131 kar\u015f\u0131lamak \u00fczere tasarlanm\u0131\u015f olan bu model, i\u015fletmelerin operasyonel verimlili\u011fini art\u0131r\u0131rken kullan\u0131c\u0131 deneyimini de \u00fcst seviyeye ta\u015f\u0131r. Hem teknik \u00f6zellikleri hem de kullan\u0131m avantajlar\u0131 ile \u00f6ne \u00e7\u0131kan 210K, uzun \u00f6m\u00fcrl\u00fc ve g\u00fcvenilir bir kiosk yaz\u0131c\u0131 arayan i\u015fletmeler i\u00e7in ideal bir tercihtir.<\/p>","protected":false},"excerpt":{"rendered":"<p class=\"translation-block\">\u2022 Automatic cutter<br>\n\u2022 Ultra-fast printing speed: 250 mm\/s<br>\n\u2022 LED frame for multi-status indicator<br>\n\u2022 Large paper roll capacity: \u00d8 60 mm<br>\n\u2022 Desktop and front panel mounting<br>\n\u2022 Paper jam prevention system<br>\n\u2022 Ticket drag prevention system<br><\/p>\n<p>&nbsp;<\/p>\n<div style=\"margin: 15px 0; text-align: left;\"><a style=\"display: inline-flex; align-items: center; \/* yaz\u0131y\u0131 dikey ortalar *\/ justify-content: center; \/* yatay ortalar *\/ background-color: #54B948; color: #fff; font-size: 16px; font-weight: 600; padding: 12px 28px; border-radius: 12px; text-decoration: none; box-shadow: 0 4px 10px rgba(0,0,0,0.15); transition: all 0.3s ease; line-height: 1; \/* sat\u0131r y\u00fcksekli\u011fini s\u0131f\u0131rlar *\/ vertical-align: middle;\" href=\"https:\/\/www.possify.info\/ftp\/POSSIFY_GENEL\/BROSURLER_FTP\/YAZICILAR%20\/KIOSK_YAZICI\/210K.pdf\" download=\"\"><br \/>\nDownload Brochure<br \/>\n<\/a><\/div>\n<style>\na[download]:hover {<br \/>  background-color:#44963A !important;<br \/>  transform: translateY(-2px);<br \/>  box-shadow:0 6px 14px rgba(0,0,0,0.2);<br \/>}<br \/><\/style>","protected":false},"featured_media":16800,"template":"","meta":{"_acf_changed":false},"product_brand":[],"product_cat":[345],"product_tag":[],"class_list":{"0":"post-16717","1":"product","2":"type-product","3":"status-publish","4":"has-post-thumbnail","6":"product_cat-kiosk-termal-yazicilar","8":"first","9":"instock","10":"shipping-taxable","11":"product-type-simple"},"acf":[],"_links":{"self":[{"href":"https:\/\/possify.com.tr\/en\/wp-json\/wp\/v2\/product\/16717","targetHints":{"allow":["GET"]}}],"collection":[{"href":"https:\/\/possify.com.tr\/en\/wp-json\/wp\/v2\/product"}],"about":[{"href":"https:\/\/possify.com.tr\/en\/wp-json\/wp\/v2\/types\/product"}],"wp:featuredmedia":[{"embeddable":true,"href":"https:\/\/possify.com.tr\/en\/wp-json\/wp\/v2\/media\/16800"}],"wp:attachment":[{"href":"https:\/\/possify.com.tr\/en\/wp-json\/wp\/v2\/media?parent=16717"}],"wp:term":[{"taxonomy":"product_brand","embeddable":true,"href":"https:\/\/possify.com.tr\/en\/wp-json\/wp\/v2\/product_brand?post=16717"},{"taxonomy":"product_cat","embeddable":true,"href":"https:\/\/possify.com.tr\/en\/wp-json\/wp\/v2\/product_cat?post=16717"},{"taxonomy":"product_tag","embeddable":true,"href":"https:\/\/possify.com.tr\/en\/wp-json\/wp\/v2\/product_tag?post=16717"}],"curies":[{"name":"wp","href":"https:\/\/api.w.org\/{rel}","templated":true}]}}