{"id":16685,"date":"2026-04-06T17:30:26","date_gmt":"2026-04-06T14:30:26","guid":{"rendered":"https:\/\/possify.com.tr\/?post_type=product&#038;p=16685"},"modified":"2026-04-06T17:53:19","modified_gmt":"2026-04-06T14:53:19","slug":"ppc215f","status":"publish","type":"product","link":"https:\/\/possify.com.tr\/en\/product\/ppc215f\/","title":{"rendered":"PPC215F"},"content":{"rendered":"","protected":false},"excerpt":{"rendered":"<p>\u2219 7\/24 End\u00fcstriyel Kullan\u0131m, End\u00fcstriyel s\u0131n\u0131f g\u00fc\u00e7 kayna\u011f\u0131<br \/>\n\u2219 Tam kapal\u0131 al\u00fcminyum ala\u015f\u0131ml\u0131 g\u00f6vde<br \/>\n\u2219 Panel montaj \/ VESA montaj deste\u011fi<br \/>\n\u2219 End\u00fcstriyel s\u0131n\u0131f, tam kapal\u0131 al\u00fcminyum ala\u015f\u0131m kasa<br \/>\n\u2219 Y\u00fcksek ESD (Elektrostatik De\u015farj) koruma seviyesi<br \/>\n\u2219 IP65 koruma seviyesi<\/p>\n<p>&nbsp;<\/p>\n<div style=\"margin: 15px 0; text-align: left;\"><a style=\"display: inline-flex; align-items: center; \/* yaz\u0131y\u0131 dikey ortalar *\/ justify-content: center; \/* yatay ortalar *\/ background-color: #54B948; color: #fff; font-size: 16px; font-weight: 600; padding: 12px 28px; border-radius: 12px; text-decoration: none; box-shadow: 0 4px 10px rgba(0,0,0,0.15); transition: all 0.3s ease; line-height: 1; \/* sat\u0131r y\u00fcksekli\u011fini s\u0131f\u0131rlar *\/ vertical-align: middle;\" href=\"https:\/\/www.possify.info\/ftp\/POSSIFY_GENEL\/BROSURLER_FTP\/ENDUSTRIYEL_PANEL_PC\/PPC215F.pdf\" download=\"\"><br \/>\nDownload Brochure<br \/>\n<\/a><\/div>\n<style>\na[download]:hover {<br \/>  background-color:#44963A !important;<br \/>  transform: translateY(-2px);<br \/>  box-shadow:0 6px 14px rgba(0,0,0,0.2);<br \/>}<br \/><\/style>","protected":false},"featured_media":16693,"template":"","meta":{"_acf_changed":false},"product_brand":[],"product_cat":[301],"product_tag":[],"class_list":{"0":"post-16685","1":"product","2":"type-product","3":"status-publish","4":"has-post-thumbnail","6":"product_cat-endustriyel-paneller","8":"first","9":"instock","10":"shipping-taxable","11":"product-type-simple"},"acf":[],"_links":{"self":[{"href":"https:\/\/possify.com.tr\/en\/wp-json\/wp\/v2\/product\/16685","targetHints":{"allow":["GET"]}}],"collection":[{"href":"https:\/\/possify.com.tr\/en\/wp-json\/wp\/v2\/product"}],"about":[{"href":"https:\/\/possify.com.tr\/en\/wp-json\/wp\/v2\/types\/product"}],"wp:featuredmedia":[{"embeddable":true,"href":"https:\/\/possify.com.tr\/en\/wp-json\/wp\/v2\/media\/16693"}],"wp:attachment":[{"href":"https:\/\/possify.com.tr\/en\/wp-json\/wp\/v2\/media?parent=16685"}],"wp:term":[{"taxonomy":"product_brand","embeddable":true,"href":"https:\/\/possify.com.tr\/en\/wp-json\/wp\/v2\/product_brand?post=16685"},{"taxonomy":"product_cat","embeddable":true,"href":"https:\/\/possify.com.tr\/en\/wp-json\/wp\/v2\/product_cat?post=16685"},{"taxonomy":"product_tag","embeddable":true,"href":"https:\/\/possify.com.tr\/en\/wp-json\/wp\/v2\/product_tag?post=16685"}],"curies":[{"name":"wp","href":"https:\/\/api.w.org\/{rel}","templated":true}]}}