{"id":16588,"date":"2026-02-23T13:49:41","date_gmt":"2026-02-23T10:49:41","guid":{"rendered":"https:\/\/possify.com.tr\/?post_type=product&#038;p=16588"},"modified":"2026-02-23T14:58:53","modified_gmt":"2026-02-23T11:58:53","slug":"possify-ace156","status":"publish","type":"product","link":"https:\/\/possify.com.tr\/en\/product\/possify-ace156\/","title":{"rendered":"POSSIFY ACE156"},"content":{"rendered":"","protected":false},"excerpt":{"rendered":"<p>\u2219 15.6\u201d FHD (1920\u00d71080) capacitive multi-touch main display<br \/>\n\u2219 Intel Celeron J6412 Core 4th\/8th\/11th series<br \/>\n\u2219 4\/8\/16GB DDR RAM and 128\/256\/512GB SSD storage options<br \/>\n\u2219 Three-axis foldable design with optional 10.1\u201d secondary display<\/p>\n<div style=\"margin: 15px 0; text-align: left;\"><a style=\"display: inline-flex; align-items: center; \/* yaz\u0131y\u0131 dikey ortalar *\/ justify-content: center; \/* yatay ortalar *\/ background-color: #54B948; color: #fff; font-size: 16px; font-weight: 600; padding: 12px 28px; border-radius: 12px; text-decoration: none; box-shadow: 0 4px 10px rgba(0,0,0,0.15); transition: all 0.3s ease; line-height: 1; \/* sat\u0131r y\u00fcksekli\u011fini s\u0131f\u0131rlar *\/ vertical-align: middle;\" href=\"https:\/\/www.possify.info\/ftp\/POSSIFY_GENEL\/BROSURLER_FTP\/WINDOWS_POS_TERMINALLER\/POSSIFY%20ACE156.pdf\" download=\"\"><br \/>\nDownload Brochure<br \/>\n<\/a><\/div>\n<style>\na[download]:hover {<br \/> background-color:#44963A !important;<br \/> transform: translateY(-2px);<br \/> box-shadow:0 6px 14px rgba(0,0,0,0.2);<br \/>}<br \/><\/style>","protected":false},"featured_media":16605,"template":"","meta":{"_acf_changed":false},"product_brand":[],"product_cat":[290,333,331],"product_tag":[],"class_list":{"0":"post-16588","1":"product","2":"type-product","3":"status-publish","4":"has-post-thumbnail","6":"product_cat-windows-pos-terminaller","7":"product_cat-possify-ace156","8":"product_cat-tum-windows-terminaller","10":"first","11":"instock","12":"shipping-taxable","13":"product-type-simple"},"acf":[],"_links":{"self":[{"href":"https:\/\/possify.com.tr\/en\/wp-json\/wp\/v2\/product\/16588","targetHints":{"allow":["GET"]}}],"collection":[{"href":"https:\/\/possify.com.tr\/en\/wp-json\/wp\/v2\/product"}],"about":[{"href":"https:\/\/possify.com.tr\/en\/wp-json\/wp\/v2\/types\/product"}],"wp:featuredmedia":[{"embeddable":true,"href":"https:\/\/possify.com.tr\/en\/wp-json\/wp\/v2\/media\/16605"}],"wp:attachment":[{"href":"https:\/\/possify.com.tr\/en\/wp-json\/wp\/v2\/media?parent=16588"}],"wp:term":[{"taxonomy":"product_brand","embeddable":true,"href":"https:\/\/possify.com.tr\/en\/wp-json\/wp\/v2\/product_brand?post=16588"},{"taxonomy":"product_cat","embeddable":true,"href":"https:\/\/possify.com.tr\/en\/wp-json\/wp\/v2\/product_cat?post=16588"},{"taxonomy":"product_tag","embeddable":true,"href":"https:\/\/possify.com.tr\/en\/wp-json\/wp\/v2\/product_tag?post=16588"}],"curies":[{"name":"wp","href":"https:\/\/api.w.org\/{rel}","templated":true}]}}