{"id":16587,"date":"2026-02-18T17:43:31","date_gmt":"2026-02-18T14:43:31","guid":{"rendered":"https:\/\/possify.com.tr\/?post_type=product&#038;p=16587"},"modified":"2026-02-23T14:10:19","modified_gmt":"2026-02-23T11:10:19","slug":"s1012","status":"publish","type":"product","link":"https:\/\/possify.com.tr\/en\/product\/s1012\/","title":{"rendered":"S1012 DUAL SCREEN"},"content":{"rendered":"","protected":false},"excerpt":{"rendered":"<p>\u2219 10.1&#8243; HD Display &#8211; Dual Screen &#8211; 800\u00d71280 resolution with ultra-thin 7mm design.<br \/>\n\u2219 Wi-Fi 6 Connectivity &#8211; Fast, stable real-time updates.<br \/>\n\u2219 One-Tap Update &#8211; Instant price and content management.<br \/>\n\u2219 Multi-Device Sync &#8211; Seamless integration with PC, mobile, scales, and ESL system.<br \/>\n\u2219 90\u00b0 Safety Locker &#8211; Secure, anti-pull protection.<br \/>\n\u2219 Embedded Linux System &#8211; Reliable Cortex-A7 dual-core performance<\/p>\n<div style=\"margin: 15px 0; text-align: left;\"><a style=\"display: inline-flex; align-items: center; \/* yaz\u0131y\u0131 dikey ortalar *\/ justify-content: center; \/* yatay ortalar *\/ background-color: #54B948; color: #fff; font-size: 16px; font-weight: 600; padding: 12px 28px; border-radius: 12px; text-decoration: none; box-shadow: 0 4px 10px rgba(0,0,0,0.15); transition: all 0.3s ease; line-height: 1; \/* sat\u0131r y\u00fcksekli\u011fini s\u0131f\u0131rlar *\/ vertical-align: middle;\" href=\"https:\/\/www.possify.info\/ftp\/POSSIFY_GENEL\/BROSURLER_FTP\/Electronic%20Shelf%20Labels%20(ESL)\/S1012%20ESL%20Dual%20Screen.pdf\" download=\"\"><br \/>\nDownload Brochure<br \/>\n<\/a><\/div>\n<style>\na[download]:hover {<br \/>  background-color:#44963A !important;<br \/>  transform: translateY(-2px);<br \/>  box-shadow:0 6px 14px rgba(0,0,0,0.2);<br \/>}<br \/><\/style>","protected":false},"featured_media":16609,"template":"","meta":{"_acf_changed":false},"product_brand":[],"product_cat":[332],"product_tag":[],"class_list":{"0":"post-16587","1":"product","2":"type-product","3":"status-publish","4":"has-post-thumbnail","6":"product_cat-electronic-shelf-labels-esl","8":"first","9":"instock","10":"shipping-taxable","11":"product-type-simple"},"acf":[],"_links":{"self":[{"href":"https:\/\/possify.com.tr\/en\/wp-json\/wp\/v2\/product\/16587","targetHints":{"allow":["GET"]}}],"collection":[{"href":"https:\/\/possify.com.tr\/en\/wp-json\/wp\/v2\/product"}],"about":[{"href":"https:\/\/possify.com.tr\/en\/wp-json\/wp\/v2\/types\/product"}],"wp:featuredmedia":[{"embeddable":true,"href":"https:\/\/possify.com.tr\/en\/wp-json\/wp\/v2\/media\/16609"}],"wp:attachment":[{"href":"https:\/\/possify.com.tr\/en\/wp-json\/wp\/v2\/media?parent=16587"}],"wp:term":[{"taxonomy":"product_brand","embeddable":true,"href":"https:\/\/possify.com.tr\/en\/wp-json\/wp\/v2\/product_brand?post=16587"},{"taxonomy":"product_cat","embeddable":true,"href":"https:\/\/possify.com.tr\/en\/wp-json\/wp\/v2\/product_cat?post=16587"},{"taxonomy":"product_tag","embeddable":true,"href":"https:\/\/possify.com.tr\/en\/wp-json\/wp\/v2\/product_tag?post=16587"}],"curies":[{"name":"wp","href":"https:\/\/api.w.org\/{rel}","templated":true}]}}