{"id":16554,"date":"2026-02-18T14:31:54","date_gmt":"2026-02-18T11:31:54","guid":{"rendered":"https:\/\/possify.com.tr\/?post_type=product&#038;p=16554"},"modified":"2026-02-18T16:14:31","modified_gmt":"2026-02-18T13:14:31","slug":"dolphin-series","status":"publish","type":"product","link":"https:\/\/possify.com.tr\/en\/product\/dolphin-series\/","title":{"rendered":"Dolphin Series"},"content":{"rendered":"","protected":false},"excerpt":{"rendered":"<p>\u2219 Touchscreen display for intuitive use<br \/>\n\u2219 Megapixel scanning technology for superior performance<br \/>\n\u2219 Fast and accurate barcode reading<br \/>\n\u2219 Sleek, upgraded design<br \/>\n\u2219 Modern look that fits seamlessly into self-service environments<\/p>\n<div style=\"margin: 15px 0; text-align: left;\"><a style=\"display: inline-flex; align-items: center; \/* yaz\u0131y\u0131 dikey ortalar *\/ justify-content: center; \/* yatay ortalar *\/ background-color: #54B948; color: #fff; font-size: 16px; font-weight: 600; padding: 12px 28px; border-radius: 12px; text-decoration: none; box-shadow: 0 4px 10px rgba(0,0,0,0.15); transition: all 0.3s ease; line-height: 1; \/* sat\u0131r y\u00fcksekli\u011fini s\u0131f\u0131rlar *\/ vertical-align: middle;\" href=\"https:\/\/www.possify.info\/ftp\/POSSIFY_GENEL\/BROSURLER_FTP\/WINDOWS_POS_TERMINALLER\/Dolphin%20Serisi-Windows%20KDS-POS%20PC.pdf\" download=\"\"><br \/>\nDownload Brochure<br \/>\n<\/a><\/div>\n<style>\na[download]:hover {<br \/>  background-color:#44963A !important;<br \/>  transform: translateY(-2px);<br \/>  box-shadow:0 6px 14px rgba(0,0,0,0.2);<br \/>}<br \/><\/style>","protected":false},"featured_media":16557,"template":"","meta":{"_acf_changed":false},"product_brand":[],"product_cat":[290,329,331],"product_tag":[],"class_list":{"0":"post-16554","1":"product","2":"type-product","3":"status-publish","4":"has-post-thumbnail","6":"product_cat-windows-pos-terminaller","7":"product_cat-dolphin-series","8":"product_cat-tum-windows-terminaller","10":"first","11":"instock","12":"shipping-taxable","13":"product-type-simple"},"acf":[],"_links":{"self":[{"href":"https:\/\/possify.com.tr\/en\/wp-json\/wp\/v2\/product\/16554","targetHints":{"allow":["GET"]}}],"collection":[{"href":"https:\/\/possify.com.tr\/en\/wp-json\/wp\/v2\/product"}],"about":[{"href":"https:\/\/possify.com.tr\/en\/wp-json\/wp\/v2\/types\/product"}],"wp:featuredmedia":[{"embeddable":true,"href":"https:\/\/possify.com.tr\/en\/wp-json\/wp\/v2\/media\/16557"}],"wp:attachment":[{"href":"https:\/\/possify.com.tr\/en\/wp-json\/wp\/v2\/media?parent=16554"}],"wp:term":[{"taxonomy":"product_brand","embeddable":true,"href":"https:\/\/possify.com.tr\/en\/wp-json\/wp\/v2\/product_brand?post=16554"},{"taxonomy":"product_cat","embeddable":true,"href":"https:\/\/possify.com.tr\/en\/wp-json\/wp\/v2\/product_cat?post=16554"},{"taxonomy":"product_tag","embeddable":true,"href":"https:\/\/possify.com.tr\/en\/wp-json\/wp\/v2\/product_tag?post=16554"}],"curies":[{"name":"wp","href":"https:\/\/api.w.org\/{rel}","templated":true}]}}