{"id":16552,"date":"2026-02-18T14:38:26","date_gmt":"2026-02-18T11:38:26","guid":{"rendered":"https:\/\/possify.com.tr\/?post_type=product&#038;p=16552"},"modified":"2026-02-23T10:55:44","modified_gmt":"2026-02-23T07:55:44","slug":"possify-voll156","status":"publish","type":"product","link":"https:\/\/possify.com.tr\/en\/product\/possify-voll156\/","title":{"rendered":"POSSIFY VOLL156"},"content":{"rendered":"","protected":false},"excerpt":{"rendered":"<p>\u2219 Super thin Display with True-Flat Projected Capacitive Multi Touch<br \/>\n\u2219 Multiple I\/O Ports (up to 11 USB, 3 COM &amp; 2 LAN ports)<br \/>\n\u2219 Anodized Aluminum and Robust Frame Design<\/p>\n<div style=\"margin: 15px 0; text-align: left;\"><a style=\"display: inline-flex; align-items: center; \/* yaz\u0131y\u0131 dikey ortalar *\/ justify-content: center; \/* yatay ortalar *\/ background-color: #54B948; color: #fff; font-size: 16px; font-weight: 600; padding: 12px 28px; border-radius: 12px; text-decoration: none; box-shadow: 0 4px 10px rgba(0,0,0,0.15); transition: all 0.3s ease; line-height: 1; \/* sat\u0131r y\u00fcksekli\u011fini s\u0131f\u0131rlar *\/ vertical-align: middle;\" href=\"https:\/\/www.possify.info\/ftp\/POSSIFY_GENEL\/BROSURLER_FTP\/WINDOWS_POS_TERMINALLER\/POSSIFY%20VOLL156.pdf\" download=\"\"><br \/>\nDownload Brochure<br \/>\n<\/a><\/div>","protected":false},"featured_media":16559,"template":"","meta":{"_acf_changed":false},"product_brand":[],"product_cat":[289,330,331,290],"product_tag":[],"class_list":{"0":"post-16552","1":"product","2":"type-product","3":"status-publish","4":"has-post-thumbnail","6":"product_cat-pos-terminaller","7":"product_cat-possify-voll156","8":"product_cat-tum-windows-terminaller","9":"product_cat-windows-pos-terminaller","11":"first","12":"instock","13":"shipping-taxable","14":"product-type-simple"},"acf":[],"_links":{"self":[{"href":"https:\/\/possify.com.tr\/en\/wp-json\/wp\/v2\/product\/16552","targetHints":{"allow":["GET"]}}],"collection":[{"href":"https:\/\/possify.com.tr\/en\/wp-json\/wp\/v2\/product"}],"about":[{"href":"https:\/\/possify.com.tr\/en\/wp-json\/wp\/v2\/types\/product"}],"wp:featuredmedia":[{"embeddable":true,"href":"https:\/\/possify.com.tr\/en\/wp-json\/wp\/v2\/media\/16559"}],"wp:attachment":[{"href":"https:\/\/possify.com.tr\/en\/wp-json\/wp\/v2\/media?parent=16552"}],"wp:term":[{"taxonomy":"product_brand","embeddable":true,"href":"https:\/\/possify.com.tr\/en\/wp-json\/wp\/v2\/product_brand?post=16552"},{"taxonomy":"product_cat","embeddable":true,"href":"https:\/\/possify.com.tr\/en\/wp-json\/wp\/v2\/product_cat?post=16552"},{"taxonomy":"product_tag","embeddable":true,"href":"https:\/\/possify.com.tr\/en\/wp-json\/wp\/v2\/product_tag?post=16552"}],"curies":[{"name":"wp","href":"https:\/\/api.w.org\/{rel}","templated":true}]}}