{"id":16503,"date":"2026-02-18T10:52:51","date_gmt":"2026-02-18T07:52:51","guid":{"rendered":"https:\/\/possify.com.tr\/?post_type=product&#038;p=16503"},"modified":"2026-02-18T13:53:32","modified_gmt":"2026-02-18T10:53:32","slug":"aig952","status":"publish","type":"product","link":"https:\/\/possify.com.tr\/en\/product\/aig952\/","title":{"rendered":"AIG952"},"content":{"rendered":"","protected":false},"excerpt":{"rendered":"<p>\u2022 Modern layered body with a mirror-finish top design<br \/>\n\u2022 Ergonomic grip with high-rebound button structure<br \/>\n\u2022 Fast reading of Barcode, QR Code, Data Matrix, PDF417, etc.<br \/>\n\u2022 Global shutter supports scanning moving barcodes up to 2 m\/s<br \/>\n\u2022 Excellent performance on low-contrast, damaged, or poorly printed codes<br \/>\n\u2022 Plug and play, no driver required; compatible with major operating systems<br \/>\n\u2022 Professional electrostatic protection and anti-interference design<\/p>\n<p>&nbsp;<\/p>\n<div style=\"margin: 15px 0; text-align: left;\"><a style=\"display: inline-flex; align-items: center; \/* yaz\u0131y\u0131 dikey ortalar *\/ justify-content: center; \/* yatay ortalar *\/ background-color: #54B948; color: #fff; font-size: 16px; font-weight: 600; padding: 12px 28px; border-radius: 12px; text-decoration: none; box-shadow: 0 4px 10px rgba(0,0,0,0.15); transition: all 0.3s ease; line-height: 1; \/* sat\u0131r y\u00fcksekli\u011fini s\u0131f\u0131rlar *\/ vertical-align: middle;\" href=\"https:\/\/www.possify.info\/ftp\/POSSIFY_GENEL\/BROSURLER_FTP\/BARKOD_OKUYUCULAR\/AIG952%202D%20Wired%20Barcode%20Scanner.pdf\" download=\"\"><br \/>\nDownload Brochure<br \/>\n<\/a><\/div>\n<style>\na[download]:hover {<br \/>  background-color:#44963A !important;<br \/>  transform: translateY(-2px);<br \/>  box-shadow:0 6px 14px rgba(0,0,0,0.2);<br \/>}<br \/><\/style>","protected":false},"featured_media":16549,"template":"","meta":{"_acf_changed":false},"product_brand":[],"product_cat":[292],"product_tag":[],"class_list":{"0":"post-16503","1":"product","2":"type-product","3":"status-publish","4":"has-post-thumbnail","6":"product_cat-barkod-okuyucular","8":"first","9":"instock","10":"shipping-taxable","11":"product-type-simple"},"acf":[],"_links":{"self":[{"href":"https:\/\/possify.com.tr\/en\/wp-json\/wp\/v2\/product\/16503","targetHints":{"allow":["GET"]}}],"collection":[{"href":"https:\/\/possify.com.tr\/en\/wp-json\/wp\/v2\/product"}],"about":[{"href":"https:\/\/possify.com.tr\/en\/wp-json\/wp\/v2\/types\/product"}],"wp:featuredmedia":[{"embeddable":true,"href":"https:\/\/possify.com.tr\/en\/wp-json\/wp\/v2\/media\/16549"}],"wp:attachment":[{"href":"https:\/\/possify.com.tr\/en\/wp-json\/wp\/v2\/media?parent=16503"}],"wp:term":[{"taxonomy":"product_brand","embeddable":true,"href":"https:\/\/possify.com.tr\/en\/wp-json\/wp\/v2\/product_brand?post=16503"},{"taxonomy":"product_cat","embeddable":true,"href":"https:\/\/possify.com.tr\/en\/wp-json\/wp\/v2\/product_cat?post=16503"},{"taxonomy":"product_tag","embeddable":true,"href":"https:\/\/possify.com.tr\/en\/wp-json\/wp\/v2\/product_tag?post=16503"}],"curies":[{"name":"wp","href":"https:\/\/api.w.org\/{rel}","templated":true}]}}