{"id":16272,"date":"2026-01-05T16:27:52","date_gmt":"2026-01-05T13:27:52","guid":{"rendered":"https:\/\/possify.com.tr\/?post_type=product&#038;p=16272"},"modified":"2026-02-18T13:51:29","modified_gmt":"2026-02-18T10:51:29","slug":"by246t-gs-2406t-plus-barkod-yazici","status":"publish","type":"product","link":"https:\/\/possify.com.tr\/en\/product\/by246t-gs-2406t-plus-barkod-yazici\/","title":{"rendered":"BY246T-GS-2406T PLUS"},"content":{"rendered":"<p data-start=\"920\" data-end=\"1437\">Barkod yaz\u0131c\u0131 \u00e7\u00f6z\u00fcmleri, perakende, lojistik, \u00fcretim ve sa\u011fl\u0131k sekt\u00f6rlerinde \u00fcr\u00fcnlerin do\u011fru tan\u0131mlanmas\u0131, izlenebilirli\u011fin sa\u011flanmas\u0131 ve operasyonel s\u00fcre\u00e7lerin kesintisiz ilerlemesi a\u00e7\u0131s\u0131ndan kritik bir rol \u00fcstlenmektedir. BY246T-GS-2406T PLUS barkod yaz\u0131c\u0131, geli\u015ftirilmi\u015f bask\u0131 performans\u0131, kullan\u0131c\u0131 dostu tasar\u0131m\u0131 ve esnek ba\u011flant\u0131 se\u00e7enekleriyle profesyonel etiketleme ihtiya\u00e7lar\u0131 i\u00e7in tasarlanm\u0131\u015f g\u00fcvenilir bir \u00e7\u00f6z\u00fcmd\u00fcr. Yo\u011fun bask\u0131 temposuna sahip i\u015fletmelerde uzun s\u00fcreli ve kararl\u0131 kullan\u0131m sunmay\u0131 hedefler.<\/p>\n<p data-start=\"1439\" data-end=\"1915\">BY246T-GS-2406T PLUS barkod yaz\u0131c\u0131, <strong data-start=\"1475\" data-end=\"1494\">termal transfer<\/strong> and <strong data-start=\"1498\" data-end=\"1515\">direkt termal<\/strong> bask\u0131 teknolojilerini bir arada destekler. Termal transfer bask\u0131, ribon kullan\u0131m\u0131 sayesinde uzun \u00f6m\u00fcrl\u00fc ve d\u0131\u015f etkenlere dayan\u0131kl\u0131 etiketlerin \u00fcretilmesini sa\u011flarken; direkt termal bask\u0131, ribon gerektirmeden k\u0131sa ve orta \u00f6m\u00fcrl\u00fc etiketler i\u00e7in h\u0131zl\u0131 ve ekonomik bir \u00e7\u00f6z\u00fcm sunar. Bu \u00e7ift bask\u0131 modu, farkl\u0131 sekt\u00f6rlerde de\u011fi\u015fen etiketleme ihtiya\u00e7lar\u0131n\u0131n tek cihaz \u00fczerinden kar\u015f\u0131lanmas\u0131n\u0131 m\u00fcmk\u00fcn k\u0131lar.<\/p>\n<p data-start=\"1917\" data-end=\"2304\">203 DPI bask\u0131 \u00e7\u00f6z\u00fcn\u00fcrl\u00fc\u011f\u00fc, BY246T-GS-2406T PLUS barkod yaz\u0131c\u0131\u2019n\u0131n sundu\u011fu bask\u0131 kalitesinin temelini olu\u015fturur. Barkodlar, metinler ve grafikler net ve okunabilir \u015fekilde bas\u0131l\u0131r. Bu netlik, barkod okuyucularla yap\u0131lan taramalarda hata oran\u0131n\u0131 d\u00fc\u015f\u00fcrerek i\u015flem h\u0131z\u0131n\u0131 art\u0131r\u0131r. Raf etiketleri, sevkiyat etiketleri, \u00fcr\u00fcn tan\u0131mlama ve fiyat etiketleri profesyonel bir g\u00f6r\u00fcn\u00fcmle \u00fcretilebilir.<\/p>\n<p data-start=\"2306\" data-end=\"2680\">Cihaz\u0131n bask\u0131 h\u0131z\u0131, yo\u011fun kullan\u0131m senaryolar\u0131 i\u00e7in optimize edilmi\u015ftir. GS-2406T PLUS modeli <strong data-start=\"2400\" data-end=\"2413\">152 mm\/sn<\/strong>, GS-3405T PLUS varyant\u0131 ise <strong data-start=\"2442\" data-end=\"2455\">127 mm\/sn<\/strong> bask\u0131 h\u0131z\u0131na sahiptir. Bu h\u0131zlar, seri etiket bas\u0131m\u0131 gerektiren operasyonlarda zaman kayb\u0131n\u0131 \u00f6nleyerek i\u015f ak\u0131\u015flar\u0131n\u0131n d\u00fczenli ilerlemesine katk\u0131 sa\u011flar. \u00d6zellikle depo, lojistik ve \u00fcretim alanlar\u0131nda y\u00fcksek verimlilik sunar.<\/p>\n<p data-start=\"2682\" data-end=\"3076\">BY246T-GS-2406T PLUS barkod yaz\u0131c\u0131, <strong data-start=\"2718\" data-end=\"2753\">104 mm maksimum bask\u0131 geni\u015fli\u011fi<\/strong> and <strong data-start=\"2757\" data-end=\"2793\">2.794 mm\u2019ye kadar bask\u0131 uzunlu\u011fu<\/strong> deste\u011fiyle farkl\u0131 etiket formatlar\u0131na uyum sa\u011flar. GS-3405T PLUS varyant\u0131nda maksimum bask\u0131 uzunlu\u011fu <strong data-start=\"2895\" data-end=\"2907\">1.016 mm<\/strong> olarak sunulmaktad\u0131r. <strong data-start=\"2930\" data-end=\"2978\">127 mm (5\u201d) d\u0131\u015f \u00e7apl\u0131 etiket rulo kapasitesi<\/strong>, rulo de\u011fi\u015fim s\u0131kl\u0131\u011f\u0131n\u0131 azaltarak yo\u011fun \u00e7al\u0131\u015fma ortamlar\u0131nda kesintisiz kullan\u0131m avantaj\u0131 sa\u011flar.<\/p>\n<p data-start=\"3078\" data-end=\"3428\">Donan\u0131m altyap\u0131s\u0131nda cihaz, <strong data-start=\"3106\" data-end=\"3138\">400 MHz, 32-bit ARM9 i\u015flemci<\/strong>, <strong data-start=\"3140\" data-end=\"3155\">64 MB SDRAM<\/strong> and <strong data-start=\"3159\" data-end=\"3181\">32 MB Flash bellek<\/strong> ile g\u00fc\u00e7l\u00fc bir yap\u0131 sunar. Opsiyonel <strong data-start=\"3218\" data-end=\"3241\">128 MB Flash bellek<\/strong> deste\u011fi, b\u00fcy\u00fck etiket \u015fablonlar\u0131 ve grafik i\u00e7eren bask\u0131lar i\u00e7in ek kapasite sa\u011flar. Bu donan\u0131m yap\u0131s\u0131, y\u00fcksek hacimli veri i\u015fleme gerektiren bask\u0131 senaryolar\u0131nda stabil performans sunar.<\/p>\n<p data-start=\"3430\" data-end=\"3838\">Ba\u011flant\u0131 se\u00e7enekleri a\u00e7\u0131s\u0131ndan BY246T-GS-2406T PLUS barkod yaz\u0131c\u0131, modern ve esnek bir altyap\u0131 sunar. <strong data-start=\"3532\" data-end=\"3543\">USB 2.0<\/strong>, <strong data-start=\"3545\" data-end=\"3557\">USB Host<\/strong>, <strong data-start=\"3559\" data-end=\"3569\">RS-232<\/strong>, <strong data-start=\"3571\" data-end=\"3597\">Ethernet (10\/100 Mbps)<\/strong> ba\u011flant\u0131lar\u0131n\u0131n yan\u0131 s\u0131ra opsiyonel <strong data-start=\"3634\" data-end=\"3643\">Wi-Fi<\/strong> and <strong data-start=\"3647\" data-end=\"3664\">Bluetooth 4.0<\/strong> deste\u011fi sayesinde farkl\u0131 sistemlerle kolayca entegre edilebilir. USB Host deste\u011fi, barkod okuyucu veya PC klavyesi gibi \u00e7evre birimlerinin do\u011frudan ba\u011flanmas\u0131na imk\u00e2n tan\u0131r.<\/p>\n<p data-start=\"3840\" data-end=\"4215\">Cihaz, geni\u015f barkod format\u0131 deste\u011fiyle farkl\u0131 sekt\u00f6rlerin etiketleme ihtiya\u00e7lar\u0131n\u0131 kar\u015f\u0131lar. Code 128, Code 39, EAN-13, EAN-8, UPC-A, UPC-E, ITF ve Codabar gibi yayg\u0131n 1D barkodlar\u0131n yan\u0131 s\u0131ra QR Code, PDF417, Data Matrix ve Aztec Code gibi 2D barkod formatlar\u0131n\u0131 da destekler. Bu \u00e7e\u015fitlilik, \u00fcr\u00fcn izlenebilirli\u011fi ve veri yo\u011fun etiket uygulamalar\u0131nda y\u00fcksek uyumluluk sa\u011flar.<\/p>\n<p data-start=\"4217\" data-end=\"4616\">Medya uyumlulu\u011fu bak\u0131m\u0131ndan BY246T-GS-2406T PLUS barkod yaz\u0131c\u0131; s\u00fcrekli, kesikli ve siyah markal\u0131 etiketlerle \u00e7al\u0131\u015fabilir. <strong data-start=\"4340\" data-end=\"4369\">20\u2013118 mm medya geni\u015fli\u011fi<\/strong> and <strong data-start=\"4373\" data-end=\"4406\">0.055\u20130.19 mm medya kal\u0131nl\u0131\u011f\u0131<\/strong> deste\u011fi, farkl\u0131 sekt\u00f6rlere y\u00f6nelik etiket t\u00fcrlerinin kullan\u0131lmas\u0131na olanak tan\u0131r. <strong data-start=\"4489\" data-end=\"4524\">300 metreye kadar ribon deste\u011fi<\/strong>, uzun s\u00fcreli bask\u0131larda ribon de\u011fi\u015fim ihtiyac\u0131n\u0131 azaltarak operasyonel s\u00fcreklili\u011fi art\u0131r\u0131r.<\/p>\n<p data-start=\"4618\" data-end=\"4957\">Dayan\u0131kl\u0131l\u0131k ve fiziksel yap\u0131, BY246T-GS-2406T PLUS barkod yaz\u0131c\u0131\u2019n\u0131n \u00f6ne \u00e7\u0131kan \u00f6zellikleri aras\u0131ndad\u0131r. <strong data-start=\"4723\" data-end=\"4743\">ABS plastik kasa<\/strong>, end\u00fcstriyel ve yar\u0131 end\u00fcstriyel ortamlarda olu\u015fabilecek darbelere kar\u015f\u0131 koruma sa\u011flar. <strong data-start=\"4832\" data-end=\"4855\">2,5 kg net a\u011f\u0131rl\u0131\u011f\u0131<\/strong> ve dengeli \u00f6l\u00e7\u00fcleri, cihaz\u0131n masa\u00fcst\u00fc kullan\u0131mda stabil ve g\u00fcvenilir bir yap\u0131 sunmas\u0131na katk\u0131 sa\u011flar.<\/p>\n<p data-start=\"4959\" data-end=\"5243\">Enerji y\u00f6netimi a\u00e7\u0131s\u0131ndan cihaz, <strong data-start=\"4992\" data-end=\"5013\">AC 100\u2013240V giri\u015f<\/strong> and <strong data-start=\"5017\" data-end=\"5040\">DC 24V \/ 2.5A \u00e7\u0131k\u0131\u015f<\/strong> deste\u011fi sunar. Bu yap\u0131, farkl\u0131 elektrik altyap\u0131lar\u0131nda g\u00fcvenli ve stabil kullan\u0131m sa\u011flar. CE, RoHS ve REACH sertifikalar\u0131, cihaz\u0131n uluslararas\u0131 kalite ve g\u00fcvenlik standartlar\u0131na uygun oldu\u011funu g\u00f6sterir.<\/p>\n<p data-start=\"5245\" data-end=\"5563\">BY246T-GS-2406T PLUS barkod yaz\u0131c\u0131; perakende ma\u011fazalar, e-ticaret depolar\u0131, lojistik merkezleri, \u00fcretim tesisleri ve sa\u011fl\u0131k kurulu\u015flar\u0131 i\u00e7in uygun bir etiketleme \u00e7\u00f6z\u00fcm\u00fcd\u00fcr. Geli\u015ftirilmi\u015f bask\u0131 performans\u0131, net bask\u0131 kalitesi ve esnek ba\u011flant\u0131 se\u00e7enekleri sayesinde yo\u011fun i\u015f temposunda dahi g\u00fcvenilir performans sunar.<\/p>\n<p data-start=\"5565\" data-end=\"5821\"><strong data-start=\"5565\" data-end=\"5603\">BY246T-GS-2406T PLUS Barkod Yaz\u0131c\u0131<\/strong>, 203 DPI bask\u0131 \u00e7\u00f6z\u00fcn\u00fcrl\u00fc\u011f\u00fc, termal transfer ve direkt termal bask\u0131 deste\u011fi, geni\u015f barkod uyumlulu\u011fu ve dayan\u0131kl\u0131 yap\u0131s\u0131yla profesyonel barkod yaz\u0131c\u0131 \u00e7\u00f6z\u00fcmleri arayan i\u015fletmeler i\u00e7in uzun vadeli ve g\u00fc\u00e7l\u00fc bir tercihtir.<\/p>","protected":false},"excerpt":{"rendered":"<div class=\"flex h-svh w-screen flex-col\">\n<div class=\"relative z-0 flex min-h-0 w-full flex-1\">\n<div class=\"relative flex min-h-0 w-full flex-1\">\n<div class=\"@container\/main relative flex min-w-0 flex-1 flex-col -translate-y-[calc(env(safe-area-inset-bottom,0px)\/2)] pt-[calc(env(safe-area-inset-bottom,0px)\/2)]\">\n<div class=\"@w-sm\/main:[scrollbar-gutter:stable_both-edges] touch:[scrollbar-width:none] relative flex min-h-0 min-w-0 flex-1 flex-col [scrollbar-gutter:stable] not-print:overflow-x-clip not-print:overflow-y-auto\" data-scroll-root=\"true\">\n<p>\u2022 Offers enhanced performance and broad compatibility.<br \/>\n\u2022 Easy loading of media and ribbon, ensuring ease of use.<br \/>\n\u2022 Flexible connectivity options such as USB, RS232, Ethernet, Bluetooth, Wi-Fi.<br \/>\n\u2022 USB Host support for standalone printing applications, supporting scanner or PC keyboard connection.<br \/>\n\u2022 Preloaded multiple emulations for easy integration with your existing systems.<br \/>\n\u2022 Easy-to-install and user-friendly printer utility.<br \/>\n\u2022 BarTender Free Windows driver and label design software.<br \/>\n\u2022 Solutions for retail POS, shelf labeling, product marking, healthcare patient safety, inventory<br \/>\nmanagement, logistics, high-resolution barcode and graphic printing, food ingredient labeling, and office<br \/>\napplications open<\/p>\n<\/div>\n<\/div>\n<\/div>\n<\/div>\n<\/div>\n<p>&nbsp;<\/p>\n<div style=\"margin: 15px 0; text-align: left;\"><a style=\"display: inline-flex; align-items: center; \/* yaz\u0131y\u0131 dikey ortalar *\/ justify-content: center; \/* yatay ortalar *\/ background-color: #54B948; color: #fff; font-size: 16px; font-weight: 600; padding: 12px 28px; border-radius: 12px; text-decoration: none; box-shadow: 0 4px 10px rgba(0,0,0,0.15); transition: all 0.3s ease; line-height: 1; \/* sat\u0131r y\u00fcksekli\u011fini s\u0131f\u0131rlar *\/ vertical-align: middle;\" href=\"https:\/\/www.possify.info\/ftp\/POSSIFY_GENEL\/BROSURLER_FTP\/YAZICILAR%20\/BARKOD_YAZICILAR\/BY246T-GS-2406T%20PLUS%20Barkod%20Yaz%C4%B1c%C4%B1.pdf\" download=\"\"><br \/>\nDownload Brochure<br \/>\n<\/a><\/div>\n<style>\na[download]:hover {<br \/>  background-color:#44963A !important;<br \/>  transform: translateY(-2px);<br \/>  box-shadow:0 6px 14px rgba(0,0,0,0.2);<br \/>}<br \/><\/style>","protected":false},"featured_media":16278,"template":"","meta":{"_acf_changed":false},"product_brand":[],"product_cat":[305,303],"product_tag":[],"class_list":{"0":"post-16272","1":"product","2":"type-product","3":"status-publish","4":"has-post-thumbnail","6":"product_cat-barkod-yazicilar","7":"product_cat-yazicilar","9":"first","10":"instock","11":"shipping-taxable","12":"product-type-simple"},"acf":[],"_links":{"self":[{"href":"https:\/\/possify.com.tr\/en\/wp-json\/wp\/v2\/product\/16272","targetHints":{"allow":["GET"]}}],"collection":[{"href":"https:\/\/possify.com.tr\/en\/wp-json\/wp\/v2\/product"}],"about":[{"href":"https:\/\/possify.com.tr\/en\/wp-json\/wp\/v2\/types\/product"}],"wp:featuredmedia":[{"embeddable":true,"href":"https:\/\/possify.com.tr\/en\/wp-json\/wp\/v2\/media\/16278"}],"wp:attachment":[{"href":"https:\/\/possify.com.tr\/en\/wp-json\/wp\/v2\/media?parent=16272"}],"wp:term":[{"taxonomy":"product_brand","embeddable":true,"href":"https:\/\/possify.com.tr\/en\/wp-json\/wp\/v2\/product_brand?post=16272"},{"taxonomy":"product_cat","embeddable":true,"href":"https:\/\/possify.com.tr\/en\/wp-json\/wp\/v2\/product_cat?post=16272"},{"taxonomy":"product_tag","embeddable":true,"href":"https:\/\/possify.com.tr\/en\/wp-json\/wp\/v2\/product_tag?post=16272"}],"curies":[{"name":"wp","href":"https:\/\/api.w.org\/{rel}","templated":true}]}}