{"id":16118,"date":"2025-12-16T14:30:09","date_gmt":"2025-12-16T11:30:09","guid":{"rendered":"https:\/\/possify.com.tr\/?post_type=product&#038;p=16118"},"modified":"2026-02-24T11:36:30","modified_gmt":"2026-02-24T08:36:30","slug":"heron-1","status":"publish","type":"product","link":"https:\/\/possify.com.tr\/en\/product\/heron-1\/","title":{"rendered":"Heron 1"},"content":{"rendered":"","protected":false},"excerpt":{"rendered":"<p>\u2219 Heron\u2019s high scanning speed reads barcodes quickly and reliably.<br \/>\n\u2219 Wide depth of field enables scanning of 1D, 2D, and QR codes from different distances.<br \/>\n\u2219 23.8\u201d Full HD touchscreen provides clear visuals and comfortable use.<br \/>\n\u2219 Durable G+G screen accurately detects touch even with gloves or wet hands.<br \/>\n\u2219 2MP wide-angle camera supports facial recognition and similar verification applications.<br \/>\n\u2219 Dual-microphone noise cancellation ensures clear voice transmission in crowded environments.<br \/>\n\u2219 NFC\/SoftPOS support enables easy acceptance of contactless payments directly on the device.<\/p>\n<p>&nbsp;<\/p>\n<div style=\"margin: 15px 0; text-align: left;\"><a style=\"display: inline-flex; align-items: center; \/* yaz\u0131y\u0131 dikey ortalar *\/ justify-content: center; \/* yatay ortalar *\/ background-color: #54B948; color: #fff; font-size: 16px; font-weight: 600; padding: 12px 28px; border-radius: 12px; text-decoration: none; box-shadow: 0 4px 10px rgba(0,0,0,0.15); transition: all 0.3s ease; line-height: 1; \/* sat\u0131r y\u00fcksekli\u011fini s\u0131f\u0131rlar *\/ vertical-align: middle;\" href=\"https:\/\/www.possify.info\/ftp\/POSSIFY_GENEL\/BROSURLER_FTP\/SELF_SERV%C4%B0S_KIOSK\/Heron1_Self_Servis_Ekran%C4%B1.pdf\" download=\"\"><br \/>\nDownload Brochure<br \/>\n<\/a><\/div>\n<style>\na[download]:hover {<br \/>  background-color:#44963A !important;<br \/>  transform: translateY(-2px);<br \/>  box-shadow:0 6px 14px rgba(0,0,0,0.2);<br \/>}<br \/><\/style>","protected":false},"featured_media":16626,"template":"","meta":{"_acf_changed":false},"product_brand":[],"product_cat":[300],"product_tag":[],"class_list":{"0":"post-16118","1":"product","2":"type-product","3":"status-publish","4":"has-post-thumbnail","6":"product_cat-self-servis-ekranlar","8":"first","9":"instock","10":"shipping-taxable","11":"product-type-simple"},"acf":[],"_links":{"self":[{"href":"https:\/\/possify.com.tr\/en\/wp-json\/wp\/v2\/product\/16118","targetHints":{"allow":["GET"]}}],"collection":[{"href":"https:\/\/possify.com.tr\/en\/wp-json\/wp\/v2\/product"}],"about":[{"href":"https:\/\/possify.com.tr\/en\/wp-json\/wp\/v2\/types\/product"}],"wp:featuredmedia":[{"embeddable":true,"href":"https:\/\/possify.com.tr\/en\/wp-json\/wp\/v2\/media\/16626"}],"wp:attachment":[{"href":"https:\/\/possify.com.tr\/en\/wp-json\/wp\/v2\/media?parent=16118"}],"wp:term":[{"taxonomy":"product_brand","embeddable":true,"href":"https:\/\/possify.com.tr\/en\/wp-json\/wp\/v2\/product_brand?post=16118"},{"taxonomy":"product_cat","embeddable":true,"href":"https:\/\/possify.com.tr\/en\/wp-json\/wp\/v2\/product_cat?post=16118"},{"taxonomy":"product_tag","embeddable":true,"href":"https:\/\/possify.com.tr\/en\/wp-json\/wp\/v2\/product_tag?post=16118"}],"curies":[{"name":"wp","href":"https:\/\/api.w.org\/{rel}","templated":true}]}}