{"id":16116,"date":"2026-02-24T11:00:48","date_gmt":"2026-02-24T08:00:48","guid":{"rendered":"https:\/\/possify.com.tr\/?post_type=product&#038;p=16116"},"modified":"2026-02-24T11:00:48","modified_gmt":"2026-02-24T08:00:48","slug":"heron-1-mini","status":"publish","type":"product","link":"https:\/\/possify.com.tr\/en\/product\/heron-1-mini\/","title":{"rendered":"Heron 1 mini"},"content":{"rendered":"","protected":false},"excerpt":{"rendered":"<p>\u00b7 2MP camera with a wide viewing angle for facial recognition.<br \/>\n\u00b7 Dual microphone and 100 dB speakers with noise reduction support.<br \/>\n\u00b7 15.6\u201d Full HD display with single or dual screen options.<br \/>\n\u00b7 10-point capacitive touchscreen usable with gloves or wet hands.<br \/>\n\u00b7 NFC payment support (SoftPOS compatible).<br \/>\n\u00b7 Durable structure with protection against dust and impact.<br \/>\n\u00b7 Automatic startup for fast installation and easy deployment.<br \/>\n\u00b7 Removable maintenance cover for easy cleaning and servicing.<\/p>\n<p>&nbsp;<\/p>\n<div style=\"margin: 15px 0; text-align: left;\"><a style=\"display: inline-flex; align-items: center; \/* yaz\u0131y\u0131 dikey ortalar *\/ justify-content: center; \/* yatay ortalar *\/ background-color: #54B948; color: #fff; font-size: 16px; font-weight: 600; padding: 12px 28px; border-radius: 12px; text-decoration: none; box-shadow: 0 4px 10px rgba(0,0,0,0.15); transition: all 0.3s ease; line-height: 1; \/* sat\u0131r y\u00fcksekli\u011fini s\u0131f\u0131rlar *\/ vertical-align: middle;\" href=\"https:\/\/www.possify.info\/ftp\/POSSIFY_GENEL\/BROSURLER_FTP\/SELF_SERV%C4%B0S_KIOSK\/Heron%201%20mini_Self%20Servis%20Ekran%C4%B1.pdf\" download=\"\"><br \/>\nDownload Brochure<br \/>\n<\/a><\/div>\n<style>\na[download]:hover {<br \/>  background-color:#44963A !important;<br \/>  transform: translateY(-2px);<br \/>  box-shadow:0 6px 14px rgba(0,0,0,0.2);<br \/>}<br \/><\/style>","protected":false},"featured_media":16142,"template":"","meta":{"_acf_changed":false},"product_brand":[],"product_cat":[300],"product_tag":[],"class_list":{"0":"post-16116","1":"product","2":"type-product","3":"status-publish","4":"has-post-thumbnail","6":"product_cat-self-servis-ekranlar","8":"first","9":"instock","10":"shipping-taxable","11":"product-type-simple"},"acf":[],"_links":{"self":[{"href":"https:\/\/possify.com.tr\/en\/wp-json\/wp\/v2\/product\/16116","targetHints":{"allow":["GET"]}}],"collection":[{"href":"https:\/\/possify.com.tr\/en\/wp-json\/wp\/v2\/product"}],"about":[{"href":"https:\/\/possify.com.tr\/en\/wp-json\/wp\/v2\/types\/product"}],"wp:featuredmedia":[{"embeddable":true,"href":"https:\/\/possify.com.tr\/en\/wp-json\/wp\/v2\/media\/16142"}],"wp:attachment":[{"href":"https:\/\/possify.com.tr\/en\/wp-json\/wp\/v2\/media?parent=16116"}],"wp:term":[{"taxonomy":"product_brand","embeddable":true,"href":"https:\/\/possify.com.tr\/en\/wp-json\/wp\/v2\/product_brand?post=16116"},{"taxonomy":"product_cat","embeddable":true,"href":"https:\/\/possify.com.tr\/en\/wp-json\/wp\/v2\/product_cat?post=16116"},{"taxonomy":"product_tag","embeddable":true,"href":"https:\/\/possify.com.tr\/en\/wp-json\/wp\/v2\/product_tag?post=16116"}],"curies":[{"name":"wp","href":"https:\/\/api.w.org\/{rel}","templated":true}]}}