{"id":13863,"date":"2025-09-22T08:42:47","date_gmt":"2025-09-22T05:42:47","guid":{"rendered":"https:\/\/mefhum.com\/?post_type=product&#038;p=13863"},"modified":"2026-01-05T10:21:10","modified_gmt":"2026-01-05T07:21:10","slug":"endustriyel-barkod-okuyucu-hs200","status":"publish","type":"product","link":"https:\/\/possify.com.tr\/en\/product\/endustriyel-barkod-okuyucu-hs200\/","title":{"rendered":"HS200 Seuic"},"content":{"rendered":"<p data-start=\"458\" data-end=\"1102\"><strong data-start=\"842\" data-end=\"872\">End\u00fcstriyel barkod okuyucu<\/strong> \u00e7\u00f6z\u00fcmleri aras\u0131nda \u00f6ne \u00e7\u0131kan HS200 modeli, y\u00fcksek okuma performans\u0131 ve dayan\u0131kl\u0131 yap\u0131s\u0131yla profesyonel kullan\u0131m i\u00e7in geli\u015ftirilmi\u015ftir HS200 end\u00fcstriyel barkod okuyucu, yo\u011fun i\u015f temposuna sahip sekt\u00f6rlerin ihtiya\u00e7lar\u0131n\u0131 kar\u015f\u0131lamak \u00fczere geli\u015ftirilmi\u015f, kablolu ba\u011flant\u0131 yap\u0131s\u0131na sahip profesyonel bir veri yakalama cihaz\u0131d\u0131r. G\u00fcn\u00fcm\u00fczde perakende, lojistik, depo y\u00f6netimi, \u00fcretim hatlar\u0131 ve servis operasyonlar\u0131 gibi alanlarda barkod okuma i\u015flemleri i\u015f s\u00fcre\u00e7lerinin temel bir par\u00e7as\u0131 haline gelmi\u015ftir. Bu noktada h\u0131zl\u0131, do\u011fru ve kesintisiz \u00e7al\u0131\u015fan bir end\u00fcstriyel barkod okuyucu, i\u015fletmeler i\u00e7in hem zaman hem de maliyet avantaj\u0131 sa\u011flar. HS200 modeli, bu gereksinimleri kar\u015f\u0131lamak amac\u0131yla y\u00fcksek performansl\u0131 donan\u0131m\u0131, dayan\u0131kl\u0131 g\u00f6vde yap\u0131s\u0131 ve geni\u015f barkod deste\u011fi ile \u00f6ne \u00e7\u0131kar.<\/p>\n<p data-start=\"1104\" data-end=\"1729\">HS200 end\u00fcstriyel barkod okuyucu, 1280 x 800 \u00e7\u00f6z\u00fcn\u00fcrl\u00fc\u011fe sahip CMOS g\u00f6r\u00fcnt\u00fc sens\u00f6r\u00fc ile donat\u0131lm\u0131\u015ft\u0131r. Bu y\u00fcksek \u00e7\u00f6z\u00fcn\u00fcrl\u00fckl\u00fc sens\u00f6r, barkodlar\u0131n net ve h\u0131zl\u0131 \u015fekilde alg\u0131lanmas\u0131n\u0131 sa\u011flar. 1D ve 2D barkodlar\u0131 destekleyen yap\u0131, farkl\u0131 sekt\u00f6rlerde kullan\u0131lan etiket standartlar\u0131yla uyumlu \u00e7al\u0131\u015f\u0131r. Hasar g\u00f6rm\u00fc\u015f, silinmi\u015f, d\u00fc\u015f\u00fck kontrastl\u0131 ya da e\u011fik bas\u0131lm\u0131\u015f barkodlar\u0131n bile ba\u015far\u0131l\u0131 \u015fekilde okunabilmesi, HS200\u2019\u00fc zorlu \u00e7al\u0131\u015fma ko\u015fullar\u0131 i\u00e7in ideal bir \u00e7\u00f6z\u00fcm haline getirir. \u00d6zellikle depo ve \u00fcretim alanlar\u0131nda s\u0131k kar\u015f\u0131la\u015f\u0131lan y\u0131pranm\u0131\u015f etiketlerde bile okuma performans\u0131n\u0131n korunmas\u0131, operasyonel aksakl\u0131klar\u0131n \u00f6n\u00fcne ge\u00e7er.<\/p>\n<p data-start=\"1731\" data-end=\"2194\">Maksimum 60 FPS tarama frekans\u0131na sahip olan HS200 end\u00fcstriyel barkod okuyucu, yo\u011fun i\u015flem temposunda bile h\u0131zl\u0131 ve ak\u0131c\u0131 bir kullan\u0131m sunar. Bu y\u00fcksek tarama h\u0131z\u0131, kasa \u00f6nlerinde m\u00fc\u015fteri bekleme s\u00fcresini azalt\u0131rken, sevkiyat ve stok say\u0131m\u0131 gibi i\u015flemlerde personelin daha k\u0131sa s\u00fcrede daha fazla i\u015flem yapabilmesini sa\u011flar. H\u0131zl\u0131 tarama performans\u0131, \u00f6zellikle yo\u011fun saatlerde operasyonel verimlili\u011fi art\u0131r\u0131r ve i\u015f s\u00fcre\u00e7lerinin aksamadan ilerlemesine katk\u0131 sa\u011flar.<\/p>\n<p data-start=\"2196\" data-end=\"2824\">HS200 kablolu barkod okuyucu, ba\u011flant\u0131 taraf\u0131nda sundu\u011fu esneklikle de dikkat \u00e7eker. RS232, USB klavye ve USB COM gibi farkl\u0131 ileti\u015fim aray\u00fczlerini desteklemesi, cihaz\u0131n \u00e7ok \u00e7e\u015fitli sistemlerle uyumlu \u015fekilde \u00e7al\u0131\u015fmas\u0131n\u0131 m\u00fcmk\u00fcn k\u0131lar. Bu sayede mevcut POS sistemleri, bilgisayarlar, end\u00fcstriyel terminaller ve otomasyon altyap\u0131lar\u0131 ile kolayca entegre edilebilir. Kablolu ba\u011flant\u0131 yap\u0131s\u0131, \u00f6zellikle kesintisiz ve uzun s\u00fcreli kullan\u0131m gerektiren ortamlarda pil bitmesi veya kablosuz ba\u011flant\u0131 kopmalar\u0131 gibi sorunlar\u0131 ortadan kald\u0131r\u0131r. Bu \u00f6zellik, HS200 end\u00fcstriyel barkod okuyucunun g\u00fcvenilirli\u011fini art\u0131ran \u00f6nemli bir avantajd\u0131r.<\/p>\n<p data-start=\"2826\" data-end=\"3348\">Dayan\u0131kl\u0131l\u0131k, end\u00fcstriyel barkod okuyucu se\u00e7iminde en kritik kriterlerden biridir. HS200 modeli, IP54 koruma s\u0131n\u0131f\u0131 sayesinde toza ve s\u0131\u00e7rayan suya kar\u015f\u0131 diren\u00e7lidir. Bu sayede nemli, tozlu veya yo\u011fun kullan\u0131m\u0131n oldu\u011fu ortamlarda g\u00fcvenle kullan\u0131labilir. Ayr\u0131ca 1.8 metreye kadar d\u00fc\u015fmelere dayan\u0131kl\u0131 yap\u0131s\u0131, g\u00fcnl\u00fck kullan\u0131m s\u0131ras\u0131nda olu\u015fabilecek kazalara kar\u015f\u0131 cihaz\u0131 korur. End\u00fcstriyel plastikten \u00fcretilmi\u015f sa\u011flam g\u00f6vdesi, uzun \u00f6m\u00fcrl\u00fc kullan\u0131m sunarken cihaz\u0131n formunu ve performans\u0131n\u0131 uzun s\u00fcre korumas\u0131na yard\u0131mc\u0131 olur.<\/p>\n<p data-start=\"3350\" data-end=\"3819\">HS200 end\u00fcstriyel barkod okuyucu, geni\u015f barkod deste\u011fi ile farkl\u0131 uygulama alanlar\u0131nda esnek kullan\u0131m imk\u00e2n\u0131 sunar. UPC-A, UPC-E, EAN-8, EAN-13, Code 39, Code 128, Codabar, Interleaved 2 of 5 gibi yayg\u0131n 1D barkodlar\u0131n yan\u0131 s\u0131ra QR Code, Data Matrix, PDF417 ve MicroQR gibi 2D barkodlar\u0131 da destekler. Bu geni\u015f uyumluluk, HS200\u2019\u00fcn perakende sat\u0131\u015f noktalar\u0131ndan \u00fcretim hatlar\u0131na, lojistik merkezlerinden servis noktalar\u0131na kadar pek \u00e7ok alanda kullan\u0131labilmesini sa\u011flar.<\/p>\n<p data-start=\"3821\" data-end=\"4338\">Tarama mesafesi a\u00e7\u0131s\u0131ndan HS200 end\u00fcstriyel barkod okuyucu olduk\u00e7a geni\u015f bir aral\u0131k sunar. Barkod tipine ve boyutuna ba\u011fl\u0131 olarak 2 cm ile 27 cm aras\u0131nda de\u011fi\u015fen okuma mesafesi, farkl\u0131 kullan\u0131m senaryolar\u0131na uyum sa\u011flar. Yak\u0131n mesafeden h\u0131zl\u0131 okuma kabiliyeti kasa ve masa ba\u015f\u0131 uygulamalar\u0131nda avantaj sa\u011flarken, daha uzak mesafeden okuma yetene\u011fi raf sistemleri ve depo uygulamalar\u0131nda kullan\u0131m kolayl\u0131\u011f\u0131 sunar. Bu esneklik, cihaz\u0131n tek bir kullan\u0131m alan\u0131 ile s\u0131n\u0131rl\u0131 kalmadan \u00e7ok ama\u00e7l\u0131 kullan\u0131lmas\u0131n\u0131 m\u00fcmk\u00fcn k\u0131lar.<\/p>\n<p data-start=\"4340\" data-end=\"4855\">Ergonomik tasar\u0131m, HS200 end\u00fcstriyel barkod okuyucunun uzun s\u00fcreli kullan\u0131mlarda kullan\u0131c\u0131 konforunu korumas\u0131n\u0131 sa\u011flar. Ele tam oturan formu ve dengeli a\u011f\u0131rl\u0131\u011f\u0131 sayesinde tek elle rahat kullan\u0131m sunar. Uzun vardiyalar boyunca yap\u0131lan tarama i\u015flemlerinde bile kullan\u0131c\u0131y\u0131 yormayan yap\u0131s\u0131, i\u015f verimlili\u011fini olumlu y\u00f6nde etkiler. Sesli bildirim \u00f6zelli\u011fi, barkodun ba\u015far\u0131yla okundu\u011funu an\u0131nda bildirerek operat\u00f6r\u00fcn i\u015flemden emin olmas\u0131n\u0131 sa\u011flar. Bu geri bildirim mekanizmas\u0131, hatal\u0131 veya eksik okuma risklerini azalt\u0131r.<\/p>\n<p data-start=\"4857\" data-end=\"5311\">HS200 end\u00fcstriyel barkod okuyucu, perakende sekt\u00f6r\u00fcnde kasa \u00f6n\u00fc uygulamalar\u0131nda h\u0131zl\u0131 ve g\u00fcvenilir barkod okuma sa\u011flar. \u00dcr\u00fcn fiyat sorgulama, kampanya tan\u0131mlama ve sat\u0131\u015f i\u015flemleri s\u0131ras\u0131nda olu\u015fabilecek gecikmeleri minimize eder. Depo ve lojistik alanlar\u0131nda ise stok takibi, \u00fcr\u00fcn kabul, sevkiyat do\u011frulama ve say\u0131m i\u015flemlerinde y\u00fcksek do\u011fruluk sunar. \u00dcretim hatlar\u0131nda par\u00e7a takibi ve seri numaras\u0131 okuma gibi i\u015flemlerde de etkin \u015fekilde kullan\u0131labilir.<\/p>\n<p data-start=\"5313\" data-end=\"5711\">Servis ve bak\u0131m operasyonlar\u0131nda HS200 end\u00fcstriyel barkod okuyucu, ekipman takibi ve i\u015f emri do\u011frulama gibi s\u00fcre\u00e7lerde pratik bir \u00e7\u00f6z\u00fcm sunar. Dayan\u0131kl\u0131 yap\u0131s\u0131 ve kablolu ba\u011flant\u0131s\u0131 sayesinde mobil servis ara\u00e7lar\u0131nda ve at\u00f6lye ortamlar\u0131nda g\u00fcvenle tercih edilebilir. Ayr\u0131ca kamu kurumlar\u0131, sa\u011fl\u0131k kurulu\u015flar\u0131 ve e\u011fitim kurumlar\u0131 gibi farkl\u0131 alanlarda da barkod tabanl\u0131 uygulamalarda kullan\u0131labilir.<\/p>\n<p data-start=\"5713\" data-end=\"6061\">Uzun vadeli kullan\u0131m a\u00e7\u0131s\u0131ndan HS200 end\u00fcstriyel barkod okuyucu, d\u00fc\u015f\u00fck bak\u0131m ihtiyac\u0131 ve sa\u011flam yap\u0131s\u0131 ile i\u015fletmelere maliyet avantaj\u0131 sa\u011flar. Pil de\u011fi\u015fimi veya \u015farj gerektirmeyen kablolu yap\u0131s\u0131, cihaz\u0131n s\u00fcrekli haz\u0131r durumda olmas\u0131n\u0131 sa\u011flar. Bu durum, operasyonlar\u0131n kesintisiz \u015fekilde devam etmesine katk\u0131 sunar ve i\u015f g\u00fcc\u00fc verimlili\u011fini art\u0131r\u0131r.<\/p>\n<p data-start=\"6063\" data-end=\"6604\">HS200 end\u00fcstriyel barkod okuyucu, h\u0131z, dayan\u0131kl\u0131l\u0131k ve geni\u015f uyumluluk \u00f6zelliklerini tek bir cihazda birle\u015ftirerek modern i\u015fletmelerin veri yakalama ihtiya\u00e7lar\u0131na g\u00fc\u00e7l\u00fc bir yan\u0131t verir. Kablolu barkod okuyucu yap\u0131s\u0131, y\u00fcksek okuma performans\u0131 ve sa\u011flam end\u00fcstriyel tasar\u0131m\u0131 sayesinde uzun s\u00fcreli ve yo\u011fun kullan\u0131mlar i\u00e7in g\u00fcvenilir bir \u00e7\u00f6z\u00fcm sunar. \u0130\u015f s\u00fcre\u00e7lerini h\u0131zland\u0131rmak, hata oranlar\u0131n\u0131 azaltmak ve operasyonel verimlili\u011fi art\u0131rmak isteyen i\u015fletmeler i\u00e7in HS200, profesyonel bir end\u00fcstriyel barkod okuyucu alternatifi olarak \u00f6ne \u00e7\u0131kar.<\/p>","protected":false},"excerpt":{"rendered":"<p>\u2219 1280 \u00d7 800 CMOS Sensor<br \/>\n\u2219 High Symbol Decoding Capabilit<br \/>\n\u2219 IP54 Protection \/ 1.8m Drop Resistance<br \/>\n\u2219Smart Capture<br \/>\n\u22192D Barcode Reading<br \/>\n\u2219Audible Notification<br \/>\n\u22192 ~ 17 cm Scanning Distance<\/p>\n<p>&nbsp;<\/p>\n<div style=\"margin: 15px 0; text-align: left;\"><a style=\"display: inline-flex; align-items: center; \/* yaz\u0131y\u0131 dikey ortalar *\/ justify-content: center; \/* yatay ortalar *\/ background-color: #54B948; color: #fff; font-size: 16px; font-weight: 600; padding: 12px 28px; border-radius: 12px; text-decoration: none; box-shadow: 0 4px 10px rgba(0,0,0,0.15); transition: all 0.3s ease; line-height: 1; \/* sat\u0131r y\u00fcksekli\u011fini s\u0131f\u0131rlar *\/ vertical-align: middle;\" href=\"https:\/\/www.possify.info\/ftp\/POSSIFY_GENEL\/BROSURLER_FTP\/BARKOD_OKUYUCULAR\/HS200.pdf\" download=\"\"><br \/>\nDownload Brochure<br \/>\n<\/a><\/div>\n<style>\na[download]:hover {<br \/>  background-color:#44963A !important;<br \/>  transform: translateY(-2px);<br \/>  box-shadow:0 6px 14px rgba(0,0,0,0.2);<br \/>}<br \/><\/style>","protected":false},"featured_media":15324,"template":"","meta":{"_acf_changed":false},"product_brand":[],"product_cat":[292],"product_tag":[],"class_list":{"0":"post-13863","1":"product","2":"type-product","3":"status-publish","4":"has-post-thumbnail","6":"product_cat-barkod-okuyucular","8":"first","9":"instock","10":"shipping-taxable","11":"product-type-simple"},"acf":[],"_links":{"self":[{"href":"https:\/\/possify.com.tr\/en\/wp-json\/wp\/v2\/product\/13863","targetHints":{"allow":["GET"]}}],"collection":[{"href":"https:\/\/possify.com.tr\/en\/wp-json\/wp\/v2\/product"}],"about":[{"href":"https:\/\/possify.com.tr\/en\/wp-json\/wp\/v2\/types\/product"}],"wp:featuredmedia":[{"embeddable":true,"href":"https:\/\/possify.com.tr\/en\/wp-json\/wp\/v2\/media\/15324"}],"wp:attachment":[{"href":"https:\/\/possify.com.tr\/en\/wp-json\/wp\/v2\/media?parent=13863"}],"wp:term":[{"taxonomy":"product_brand","embeddable":true,"href":"https:\/\/possify.com.tr\/en\/wp-json\/wp\/v2\/product_brand?post=13863"},{"taxonomy":"product_cat","embeddable":true,"href":"https:\/\/possify.com.tr\/en\/wp-json\/wp\/v2\/product_cat?post=13863"},{"taxonomy":"product_tag","embeddable":true,"href":"https:\/\/possify.com.tr\/en\/wp-json\/wp\/v2\/product_tag?post=13863"}],"curies":[{"name":"wp","href":"https:\/\/api.w.org\/{rel}","templated":true}]}}